{"id":163,"date":"2024-06-26T20:27:01","date_gmt":"2024-06-27T00:27:01","guid":{"rendered":"https:\/\/www.3dvirtualgallery.com\/main\/?page_id=163"},"modified":"2025-03-13T11:21:44","modified_gmt":"2025-03-13T15:21:44","slug":"planes","status":"publish","type":"page","link":"https:\/\/artrov.com\/main\/planes\/","title":{"rendered":"Planes"},"content":{"rendered":"\n<div class=\"wp-block-cover is-light has-border-color has-medium-font-size\" style=\"border-color:#ffffff;border-width:3px;border-radius:24px\"><span aria-hidden=\"true\" class=\"wp-block-cover__background has-background-dim-30 has-background-dim\"><\/span><div class=\"wp-block-cover__inner-container has-global-padding is-layout-constrained wp-block-cover-is-layout-constrained\">\n<div class=\"wp-block-cover is-light wp-container-content-69bc4bdf wp-duotone-rgb36128208-f9f9f9-1\" style=\"border-radius:20px;margin-top:0;margin-bottom:0;min-height:119px;aspect-ratio:unset;\"><span aria-hidden=\"true\" class=\"wp-block-cover__background has-background-dim-0 has-background-dim\"><\/span><img loading=\"lazy\" decoding=\"async\" width=\"626\" height=\"391\" class=\"wp-block-cover__image-background wp-image-796\" alt=\"\" src=\"https:\/\/artrov.com\/main\/wp-content\/uploads\/2024\/12\/abstract-background-geometric-blue-green-wave-effect-with-memphis-background_586360-2484.avif\" data-object-fit=\"cover\"\/><div class=\"wp-block-cover__inner-container is-layout-flow wp-block-cover-is-layout-flow\">\n<div class=\"wp-block-group wp-container-content-69bc4bdf is-layout-grid wp-container-core-group-is-layout-4179be00 wp-block-group-is-layout-grid\" style=\"border-radius:0px;min-height:0px;margin-top:0;margin-bottom:0;padding-top:0rem;padding-right:0rem;padding-bottom:0rem;padding-left:0rem\">\n<div class=\"wp-block-group has-global-padding is-layout-constrained wp-block-group-is-layout-constrained\">\n<div class=\"wp-block-group is-vertical is-content-justification-left is-layout-flex wp-container-core-group-is-layout-7386d7ba wp-block-group-is-layout-flex\" style=\"border-radius:20px;min-height:0px;margin-top:0;margin-bottom:var(--wp--preset--spacing--10);padding-top:0rem;padding-right:0rem;padding-bottom:0rem;padding-left:0rem\">\n<p class=\"has-base-2-color has-text-color has-link-color has-x-large-font-size wp-elements-0963a6482291382e7ca56076176079b3\"><strong>Free<\/strong><\/p>\n\n\n\n<p class=\"has-base-2-color has-text-color has-link-color wp-elements-0c47ae8a5521a851e88cc8ac2b2cf20b\" style=\"font-size:clamp(14px, 0.875rem + ((1vw - 3.2px) * 0.625), 20px);\"><strong>Sin costo<\/strong><\/p>\n<\/div>\n<\/div>\n\n\n\n<ul style=\"margin-top:0;margin-right:0;margin-bottom:0;margin-left:0\" class=\"wp-block-list is-style-checkmark-list has-medium-font-size\">\n<li class=\"has-body-font-family has-base-2-color has-text-color has-link-color wp-elements-9164310eb8dbbf4bf10f3d40583a0b38\"><strong>1 exposici\u00f3n peque\u00f1a con 7 obras<\/strong><\/li>\n\n\n\n<li class=\"has-body-font-family has-base-2-color has-text-color has-link-color wp-elements-48f817ac85218faaf0ac6f3d01cadc7f\"><strong>Hasta 15 obras en stock<\/strong><\/li>\n<\/ul>\n\n\n\n<ul style=\"margin-top:0;margin-right:0;margin-bottom:0;margin-left:0\" class=\"wp-block-list is-style-checkmark-list has-medium-font-size\">\n<li class=\"has-body-font-family has-base-2-color has-text-color has-link-color wp-elements-d7684c19da2486c77fa2ad50f6b15e12\"><strong>Sin promoci\u00f3n<\/strong><\/li>\n\n\n\n<li class=\"has-body-font-family has-base-2-color has-text-color has-link-color wp-elements-757853e45f991186aa415d0f9c594b7c\"><strong>1 artista<\/strong><\/li>\n\n\n\n<li style=\"font-size:0.7rem\"><strong>Realidad Aumentada (AR)<\/strong> (Gratis por tiempo limitado)<\/li>\n<\/ul>\n\n\n\n<div class=\"wp-block-group is-content-justification-left is-nowrap is-layout-flex wp-container-core-group-is-layout-5c7d51c9 wp-block-group-is-layout-flex\" style=\"margin-top:var(--wp--preset--spacing--10);margin-bottom:0\">\n<div class=\"wp-block-buttons is-content-justification-left is-layout-flex wp-container-core-buttons-is-layout-3ce9e530 wp-block-buttons-is-layout-flex\" style=\"margin-top:0;margin-bottom:0;padding-top:0;padding-right:0;padding-bottom:0;padding-left:0\">\n<div class=\"wp-block-button has-custom-font-size\" style=\"font-size:clamp(14px, 0.875rem + ((1vw - 3.2px) * 0.208), 16px);\"><a class=\"wp-block-button__link has-border-color has-contrast-3-border-color wp-element-button\" href=\"\/sistema\/register.php\" style=\"border-width:3px;border-radius:59px\"><strong>Empezar<\/strong><\/a><\/div>\n<\/div>\n<\/div>\n<\/div>\n<\/div><\/div>\n\n\n\n<div class=\"wp-block-group is-layout-grid wp-container-core-group-is-layout-478b6e6b wp-block-group-is-layout-grid\" style=\"border-radius:0px\">\n<div class=\"wp-block-cover is-light wp-container-content-69bc4bdf wp-duotone-rgb88140116-f9f9f9-2\" style=\"border-radius:20px;min-height:333px;aspect-ratio:unset;\"><span aria-hidden=\"true\" class=\"wp-block-cover__background has-background-dim\" style=\"background-color:#d4efbd\"><\/span><img loading=\"lazy\" decoding=\"async\" width=\"800\" height=\"533\" class=\"wp-block-cover__image-background wp-image-800\" alt=\"\" src=\"https:\/\/artrov.com\/main\/wp-content\/uploads\/2024\/12\/czNmcy1wcml2YXRlL3Jhd3BpeGVsX2ltYWdlcy93ZWJzaXRlX2NvbnRlbnQvbHIvcm0yMjJiYXRjaDUta3VsLTM2XzEuanBn-e1734727012905.webp\" style=\"object-position:65% 75%\" data-object-fit=\"cover\" data-object-position=\"65% 75%\" srcset=\"https:\/\/artrov.com\/main\/wp-content\/uploads\/2024\/12\/czNmcy1wcml2YXRlL3Jhd3BpeGVsX2ltYWdlcy93ZWJzaXRlX2NvbnRlbnQvbHIvcm0yMjJiYXRjaDUta3VsLTM2XzEuanBn-e1734727012905.webp 800w, https:\/\/artrov.com\/main\/wp-content\/uploads\/2024\/12\/czNmcy1wcml2YXRlL3Jhd3BpeGVsX2ltYWdlcy93ZWJzaXRlX2NvbnRlbnQvbHIvcm0yMjJiYXRjaDUta3VsLTM2XzEuanBn-e1734727012905-300x200.webp 300w, https:\/\/artrov.com\/main\/wp-content\/uploads\/2024\/12\/czNmcy1wcml2YXRlL3Jhd3BpeGVsX2ltYWdlcy93ZWJzaXRlX2NvbnRlbnQvbHIvcm0yMjJiYXRjaDUta3VsLTM2XzEuanBn-e1734727012905-768x512.webp 768w\" sizes=\"auto, (max-width: 800px) 100vw, 800px\" \/><div class=\"wp-block-cover__inner-container is-layout-flow wp-block-cover-is-layout-flow\">\n<div class=\"wp-block-group is-vertical is-content-justification-left is-layout-flex wp-container-core-group-is-layout-3081f13b wp-block-group-is-layout-flex\" style=\"border-radius:20px;min-height:279px;margin-top:0;margin-bottom:0;padding-top:0rem;padding-right:0rem;padding-bottom:0rem;padding-left:0rem\">\n<p class=\"has-base-2-color has-text-color has-link-color has-x-large-font-size wp-elements-00535369102ecc413bb2525aadbc6e1f\"> <strong>Lite<\/strong><\/p>\n\n\n\n<p class=\"has-base-2-color has-text-color has-link-color wp-elements-f950189c3c11bf2e5df715d248e18118\" style=\"font-size:clamp(14px, 0.875rem + ((1vw - 3.2px) * 0.625), 20px);\"><strong>$15\/mes o $99\/a\u00f1o<\/strong><\/p>\n\n\n\n<ul class=\"wp-block-list is-style-checkmark-list has-medium-font-size\">\n<li class=\"has-base-2-color has-text-color has-link-color wp-elements-27487146c41ce90cd2157e6a43b2d182\"><strong>2 exposiciones<\/strong> <\/li>\n\n\n\n<li><strong>Exposici\u00f3n con Galer\u00edas VIP de diferentes Tama\u00f1os<\/strong><\/li>\n\n\n\n<li class=\"has-base-2-color has-text-color has-link-color wp-elements-6ef506708dc0bdce27cd843d8070da89\"><strong><strong>Hasta <\/strong>50 obras en stock<\/strong><\/li>\n\n\n\n<li class=\"has-base-2-color has-text-color has-link-color wp-elements-4278aff7a9a64d35688f024b385bed22\"><strong>Promoci\u00f3n b\u00e1sica<\/strong><\/li>\n\n\n\n<li class=\"has-base-2-color has-text-color has-link-color wp-elements-61018a7e4a01648917b77f9652a06edd\"><strong>M\u00faltiples artistas<\/strong><\/li>\n\n\n\n<li><strong>Realidad Aumentada (AR)<\/strong><\/li>\n\n\n\n<li><strong>Fotomontajes<\/strong><\/li>\n\n\n\n<li><strong>Asesor\u00eda<\/strong><\/li>\n<\/ul>\n\n\n\n<div class=\"wp-block-buttons is-layout-flex wp-block-buttons-is-layout-flex\">\n<div class=\"wp-block-button has-custom-font-size\" style=\"font-size:clamp(14px, 0.875rem + ((1vw - 3.2px) * 0.208), 16px);\"><a class=\"wp-block-button__link has-border-color wp-element-button\" href=\"https:\/\/artrov.com\/sistema\/register.php\" style=\"border-color:#6b9b6b;border-width:3px;border-radius:59px\"><strong>Empezar<\/strong><\/a><\/div>\n<\/div>\n<\/div>\n<\/div><\/div>\n\n\n\n<div class=\"wp-block-cover is-light wp-container-content-69bc4bdf wp-duotone-duotone-1\" style=\"border-radius:20px;margin-top:0;margin-bottom:0;padding-right:var(--wp--preset--spacing--10);padding-left:var(--wp--preset--spacing--10);min-height:358px;aspect-ratio:unset;\"><span aria-hidden=\"true\" class=\"wp-block-cover__background has-background-dim\" style=\"background-color:#a8cbf0\"><\/span><img loading=\"lazy\" decoding=\"async\" width=\"365\" height=\"261\" class=\"wp-block-cover__image-background wp-image-798\" alt=\"\" src=\"https:\/\/artrov.com\/main\/wp-content\/uploads\/2024\/12\/pngtree-abstract-blue-background-with-some-smooth-lines-in-it-see-portfolio-image_15699725.jpg\" data-object-fit=\"cover\" srcset=\"https:\/\/artrov.com\/main\/wp-content\/uploads\/2024\/12\/pngtree-abstract-blue-background-with-some-smooth-lines-in-it-see-portfolio-image_15699725.jpg 365w, https:\/\/artrov.com\/main\/wp-content\/uploads\/2024\/12\/pngtree-abstract-blue-background-with-some-smooth-lines-in-it-see-portfolio-image_15699725-300x215.jpg 300w\" sizes=\"auto, (max-width: 365px) 100vw, 365px\" \/><div class=\"wp-block-cover__inner-container is-layout-flow wp-block-cover-is-layout-flow\">\n<div class=\"wp-block-group is-vertical is-content-justification-left is-layout-flex wp-container-core-group-is-layout-3081f13b wp-block-group-is-layout-flex\" style=\"border-radius:20px;min-height:279px;margin-top:0;margin-bottom:0;padding-top:0rem;padding-right:0rem;padding-bottom:0rem;padding-left:0rem\">\n<p class=\"has-base-2-color has-text-color has-link-color has-x-large-font-size wp-elements-f004080070b601e4f3fb5835af951cde\"><strong>Artista<\/strong><\/p>\n\n\n\n<p class=\"has-base-2-color has-text-color has-link-color wp-elements-6e464466f937d51474af9c3eef52a3f9\" style=\"font-size:clamp(14px, 0.875rem + ((1vw - 3.2px) * 0.625), 20px);\"><strong>$29\/mes o<\/strong> <strong>$199\/a\u00f1o<\/strong><\/p>\n\n\n\n<ul class=\"wp-block-list is-style-checkmark-list has-medium-font-size\">\n<li class=\"has-base-2-color has-text-color has-link-color wp-elements-c08b601a8715918565b190bfc44a1504\"><strong>5 exposiciones<\/strong><\/li>\n\n\n\n<li><strong>Exposici\u00f3n con Galer\u00edas VIP de diferentes Tama\u00f1os<\/strong><\/li>\n\n\n\n<li class=\"has-base-2-color has-text-color has-link-color wp-elements-8c591bead306802ba3c19914874a70f2\"><strong><strong>Hasta <\/strong>100 obras en stock<\/strong><\/li>\n\n\n\n<li class=\"has-base-2-color has-text-color has-link-color wp-elements-a80746c45015c9679033c36eb4c74d67\"><strong>Promoci\u00f3n moderada<\/strong><\/li>\n\n\n\n<li class=\"has-base-2-color has-text-color has-link-color wp-elements-61018a7e4a01648917b77f9652a06edd\"><strong>M\u00faltiples artistas<\/strong><\/li>\n\n\n\n<li><strong>Realidad Aumentada (AR)<\/strong><\/li>\n\n\n\n<li><strong>Fotomontajes<\/strong><\/li>\n\n\n\n<li><strong>Asesor\u00eda<\/strong><\/li>\n<\/ul>\n\n\n\n<div class=\"wp-block-buttons is-layout-flex wp-block-buttons-is-layout-flex\">\n<div class=\"wp-block-button has-custom-font-size\" style=\"font-size:clamp(14px, 0.875rem + ((1vw - 3.2px) * 0.208), 16px);\"><a class=\"wp-block-button__link has-border-color wp-element-button\" href=\"\/sistema\/register.php\" style=\"border-color:#515b98;border-width:3px;border-radius:59px\"><strong>Empezar<\/strong><\/a><\/div>\n<\/div>\n<\/div>\n<\/div><\/div>\n\n\n\n<div class=\"wp-block-cover is-light wp-duotone-6b6827-f9f9f9-3\" style=\"border-radius:20px;min-height:355px;aspect-ratio:unset;\"><span aria-hidden=\"true\" class=\"wp-block-cover__background has-background-dim\" style=\"background-color:#eae1d7\"><\/span><img loading=\"lazy\" decoding=\"async\" width=\"626\" height=\"626\" class=\"wp-block-cover__image-background wp-image-790\" alt=\"\" src=\"https:\/\/artrov.com\/main\/wp-content\/uploads\/2024\/12\/ebc87096cde3823d47b8c098206554ca.jpg\" data-object-fit=\"cover\" srcset=\"https:\/\/artrov.com\/main\/wp-content\/uploads\/2024\/12\/ebc87096cde3823d47b8c098206554ca.jpg 626w, https:\/\/artrov.com\/main\/wp-content\/uploads\/2024\/12\/ebc87096cde3823d47b8c098206554ca-300x300.jpg 300w, https:\/\/artrov.com\/main\/wp-content\/uploads\/2024\/12\/ebc87096cde3823d47b8c098206554ca-150x150.jpg 150w\" sizes=\"auto, (max-width: 626px) 100vw, 626px\" \/><div class=\"wp-block-cover__inner-container is-layout-flow wp-block-cover-is-layout-flow\">\n<div class=\"wp-block-group is-vertical is-content-justification-left is-layout-flex wp-container-core-group-is-layout-3081f13b wp-block-group-is-layout-flex\" style=\"border-radius:20px;min-height:279px;margin-top:0;margin-bottom:0;padding-top:0rem;padding-right:0rem;padding-bottom:0rem;padding-left:0rem\">\n<p class=\"has-base-2-color has-text-color has-link-color has-x-large-font-size wp-elements-f2bb60b01f174988860d8970c4fc1aa6\"><strong>Galer\u00eda<\/strong><\/p>\n\n\n\n<p class=\"has-base-2-color has-text-color has-link-color wp-elements-dff5d9ac13875d972a2bd60964552b6d\" style=\"font-size:clamp(14px, 0.875rem + ((1vw - 3.2px) * 0.625), 20px);\"><strong>$49\/mes o<\/strong> <strong>$349\/a\u00f1o<\/strong><\/p>\n\n\n\n<ul class=\"wp-block-list is-style-checkmark-list has-medium-font-size\">\n<li class=\"has-base-2-color has-text-color has-link-color wp-elements-3817a2f999cf55034f6d90a9088f060a\"><strong>10 exposiciones<\/strong><\/li>\n\n\n\n<li><strong>Exposici\u00f3n con Galer\u00edas VIP de diferentes Tama\u00f1os<\/strong><\/li>\n\n\n\n<li class=\"has-base-2-color has-text-color has-link-color wp-elements-db8f5092f915f02188c294c1f355e7f4\"><strong><strong>Hasta <\/strong>200 obras en stock<\/strong><\/li>\n\n\n\n<li class=\"has-base-2-color has-text-color has-link-color wp-elements-ffcde89e84686b6f2c7136845de3e85d\"><strong>Promoci\u00f3n VIP<\/strong><\/li>\n\n\n\n<li class=\"has-base-2-color has-text-color has-link-color wp-elements-61018a7e4a01648917b77f9652a06edd\"><strong>M\u00faltiples artistas<\/strong><\/li>\n\n\n\n<li><strong>Realidad Aumentada (AR)<\/strong><\/li>\n\n\n\n<li><strong>Fotomontajes <\/strong><\/li>\n\n\n\n<li><strong>Asesor\u00eda<\/strong> Premium<\/li>\n<\/ul>\n\n\n\n<div class=\"wp-block-buttons is-layout-flex wp-block-buttons-is-layout-flex\">\n<div class=\"wp-block-button has-custom-font-size\" style=\"font-size:clamp(14px, 0.875rem + ((1vw - 3.2px) * 0.208), 16px);\"><a class=\"wp-block-button__link has-border-color wp-element-button\" href=\"\/sistema\/register.php\" style=\"border-color:#9e9421;border-width:3px;border-radius:59px\"><strong>Empezar<\/strong><\/a><\/div>\n<\/div>\n<\/div>\n<\/div><\/div>\n<\/div>\n<\/div><\/div>\n\n\n\n<p><\/p>\n","protected":false},"excerpt":{"rendered":"","protected":false},"author":1,"featured_media":0,"parent":0,"menu_order":0,"comment_status":"closed","ping_status":"closed","template":"","meta":{"footnotes":""},"class_list":["post-163","page","type-page","status-publish","hentry"],"_links":{"self":[{"href":"https:\/\/artrov.com\/main\/wp-json\/wp\/v2\/pages\/163","targetHints":{"allow":["GET"]}}],"collection":[{"href":"https:\/\/artrov.com\/main\/wp-json\/wp\/v2\/pages"}],"about":[{"href":"https:\/\/artrov.com\/main\/wp-json\/wp\/v2\/types\/page"}],"author":[{"embeddable":true,"href":"https:\/\/artrov.com\/main\/wp-json\/wp\/v2\/users\/1"}],"replies":[{"embeddable":true,"href":"https:\/\/artrov.com\/main\/wp-json\/wp\/v2\/comments?post=163"}],"version-history":[{"count":150,"href":"https:\/\/artrov.com\/main\/wp-json\/wp\/v2\/pages\/163\/revisions"}],"predecessor-version":[{"id":1317,"href":"https:\/\/artrov.com\/main\/wp-json\/wp\/v2\/pages\/163\/revisions\/1317"}],"wp:attachment":[{"href":"https:\/\/artrov.com\/main\/wp-json\/wp\/v2\/media?parent=163"}],"curies":[{"name":"wp","href":"https:\/\/api.w.org\/{rel}","templated":true}]}}