{"id":632,"date":"2024-12-18T23:04:34","date_gmt":"2024-12-19T03:04:34","guid":{"rendered":"https:\/\/artrov.com\/main\/?page_id=632"},"modified":"2025-03-13T11:07:26","modified_gmt":"2025-03-13T15:07:26","slug":"tutoriales","status":"publish","type":"page","link":"https:\/\/artrov.com\/main\/tutoriales\/","title":{"rendered":"Tutoriales"},"content":{"rendered":"\n<div class=\"wp-block-group is-layout-grid wp-container-core-group-is-layout-2994b392 wp-block-group-is-layout-grid\">\n<div class=\"wp-block-cover\" style=\"border-style:none;border-width:0px;border-radius:0px;padding-top:0;padding-right:0;padding-bottom:0;padding-left:0;min-height:322px;aspect-ratio:unset;\"><span aria-hidden=\"true\" class=\"wp-block-cover__background has-base-background-color has-background-dim-100 has-background-dim\"><\/span><div class=\"wp-block-cover__inner-container has-global-padding is-layout-constrained wp-container-core-cover-is-layout-2a52e223 wp-block-cover-is-layout-constrained\">\n<p class=\"has-text-align-center\" style=\"font-size:clamp(0.984rem, 0.984rem + ((1vw - 0.2rem) * 0.86), 1.5rem);\"><strong>C\u00f3mo Crear tu Primera Exposici\u00f3n<\/strong>(m\u00f3vil)<\/p>\n\n\n\n<figure style=\"margin-top:0;margin-bottom:0;padding-top:0;padding-bottom:0\" class=\"wp-block-video\"><video height=\"848\" style=\"aspect-ratio: 384 \/ 848;\" width=\"384\" controls src=\"https:\/\/artrov.com\/main\/wp-content\/uploads\/2025\/03\/WhatsApp-cuenta.mp4\"><\/video><\/figure>\n<\/div><\/div>\n\n\n\n<div class=\"wp-block-cover\" style=\"border-style:none;border-width:0px;border-radius:0px;padding-top:0;padding-right:0;padding-bottom:0;padding-left:0;min-height:318px;aspect-ratio:unset;\"><span aria-hidden=\"true\" class=\"wp-block-cover__background has-base-background-color has-background-dim-100 has-background-dim\"><\/span><div class=\"wp-block-cover__inner-container has-global-padding is-layout-constrained wp-container-core-cover-is-layout-2a52e223 wp-block-cover-is-layout-constrained\">\n<p class=\"has-text-align-center\" style=\"font-size:clamp(0.984rem, 0.984rem + ((1vw - 0.2rem) * 0.86), 1.5rem);\"><strong>C\u00f3mo Agregar Obras a tu Exposici\u00f3n<\/strong>(m\u00f3vil)<\/p>\n\n\n\n<figure style=\"margin-top:0;margin-bottom:0;padding-top:0;padding-bottom:0\" class=\"wp-block-video\"><video height=\"848\" style=\"aspect-ratio: 400 \/ 848;\" width=\"400\" controls src=\"https:\/\/artrov.com\/main\/wp-content\/uploads\/2025\/03\/video-agregar.mp4\"><\/video><\/figure>\n<\/div><\/div>\n<\/div>\n\n\n\n<div class=\"wp-block-group is-layout-grid wp-container-core-group-is-layout-478b6e6b wp-block-group-is-layout-grid\">\n<div class=\"wp-block-cover\"><span aria-hidden=\"true\" class=\"wp-block-cover__background has-accent-3-background-color has-background-dim-100 has-background-dim\"><\/span><div class=\"wp-block-cover__inner-container has-global-padding is-layout-constrained wp-block-cover-is-layout-constrained\">\n<p class=\"has-text-align-center has-medium-font-size\">C\u00f3mo Proyectar Una Obra usando Realidad Aumentada?(\u00fanicamente M\u00f3vil)<\/p>\n\n\n\n<figure style=\"padding-top:var(--wp--preset--spacing--10);padding-right:var(--wp--preset--spacing--10);padding-bottom:var(--wp--preset--spacing--10);padding-left:var(--wp--preset--spacing--10)\" class=\"wp-block-video\"><video height=\"854\" style=\"aspect-ratio: 394 \/ 854;\" width=\"394\" controls poster=\"https:\/\/artrov.com\/main\/wp-content\/uploads\/2025\/01\/AR-augmented-reality-VR-room-smartphone-virtual-512.webp\" src=\"https:\/\/artrov.com\/main\/wp-content\/uploads\/2025\/01\/copy_A4B2D325-3C05-494F-892C-BAC2999A173D.mov\" playsinline><\/video><\/figure>\n<\/div><\/div>\n\n\n\n<div class=\"wp-block-cover\" style=\"border-style:none;border-width:0px;border-radius:0px;padding-top:0;padding-right:0;padding-bottom:0;padding-left:0;min-height:318px;aspect-ratio:unset;\"><span aria-hidden=\"true\" class=\"wp-block-cover__background has-base-background-color has-background-dim-100 has-background-dim\"><\/span><div class=\"wp-block-cover__inner-container has-global-padding is-layout-constrained wp-container-core-cover-is-layout-2a52e223 wp-block-cover-is-layout-constrained\">\n<p class=\"has-text-align-center\" style=\"font-size:clamp(0.984rem, 0.984rem + ((1vw - 0.2rem) * 0.86), 1.5rem);\"><strong>C\u00f3mo Editar en una Exposici\u00f3n<\/strong>(Desktop)<\/p>\n\n\n\n<figure style=\"margin-top:0;margin-bottom:0;padding-top:0;padding-bottom:0\" class=\"wp-block-video\"><video height=\"1080\" style=\"aspect-ratio: 1920 \/ 1080;\" width=\"1920\" controls src=\"https:\/\/artrov.com\/main\/wp-content\/uploads\/2025\/01\/tutorial-galeria.mp4\"><\/video><\/figure>\n<\/div><\/div>\n\n\n\n<div class=\"wp-block-cover\"><span aria-hidden=\"true\" class=\"wp-block-cover__background has-background-dim\"><\/span><div class=\"wp-block-cover__inner-container is-layout-flow wp-block-cover-is-layout-flow\">\n<div class=\"wp-block-group is-layout-grid wp-container-core-group-is-layout-478b6e6b wp-block-group-is-layout-grid\">\n<p class=\"has-text-align-center\" style=\"font-size:clamp(0.929rem, 0.929rem + ((1vw - 0.2rem) * 0.785), 1.4rem);\"><strong>C\u00f3mo Navegar por la Exposici\u00f3n<\/strong>(Desktop)<\/p>\n\n\n\n<figure class=\"wp-block-video wp-container-content-69bc4bdf\"><video height=\"480\" style=\"aspect-ratio: 854 \/ 480;\" width=\"854\" controls src=\"https:\/\/artrov.com\/main\/wp-content\/uploads\/2025\/01\/copy_F903805F-6CB0-4FD2-B2D8-31A8A4E380CE.mov\"><\/video><\/figure>\n<\/div>\n<\/div><\/div>\n<\/div>\n\n\n\n<div class=\"wp-block-group is-layout-grid wp-container-core-group-is-layout-2994b392 wp-block-group-is-layout-grid\">\n<div class=\"wp-block-cover\" style=\"border-style:none;border-width:0px;border-radius:0px;padding-top:0;padding-right:0;padding-bottom:0;padding-left:0;min-height:322px;aspect-ratio:unset;\"><span aria-hidden=\"true\" class=\"wp-block-cover__background has-base-background-color has-background-dim-100 has-background-dim\"><\/span><div class=\"wp-block-cover__inner-container has-global-padding is-layout-constrained wp-container-core-cover-is-layout-2a52e223 wp-block-cover-is-layout-constrained\">\n<p class=\"has-text-align-center\" style=\"font-size:clamp(0.984rem, 0.984rem + ((1vw - 0.2rem) * 0.86), 1.5rem);\"><strong>C\u00f3mo Crear tu Primera Exposici\u00f3n<\/strong>(Desktop)<\/p>\n\n\n\n<figure style=\"margin-top:0;margin-bottom:0;padding-top:0;padding-bottom:0\" class=\"wp-block-video\"><video height=\"480\" style=\"aspect-ratio: 854 \/ 480;\" width=\"854\" controls src=\"https:\/\/artrov.com\/main\/wp-content\/uploads\/2025\/01\/copy_F5B50E73-0895-41C1-9DD5-126468B50E93.mov\"><\/video><\/figure>\n<\/div><\/div>\n<\/div>\n\n\n\n<p><\/p>\n","protected":false},"excerpt":{"rendered":"","protected":false},"author":1,"featured_media":0,"parent":0,"menu_order":0,"comment_status":"closed","ping_status":"closed","template":"","meta":{"footnotes":""},"class_list":["post-632","page","type-page","status-publish","hentry"],"_links":{"self":[{"href":"https:\/\/artrov.com\/main\/wp-json\/wp\/v2\/pages\/632","targetHints":{"allow":["GET"]}}],"collection":[{"href":"https:\/\/artrov.com\/main\/wp-json\/wp\/v2\/pages"}],"about":[{"href":"https:\/\/artrov.com\/main\/wp-json\/wp\/v2\/types\/page"}],"author":[{"embeddable":true,"href":"https:\/\/artrov.com\/main\/wp-json\/wp\/v2\/users\/1"}],"replies":[{"embeddable":true,"href":"https:\/\/artrov.com\/main\/wp-json\/wp\/v2\/comments?post=632"}],"version-history":[{"count":35,"href":"https:\/\/artrov.com\/main\/wp-json\/wp\/v2\/pages\/632\/revisions"}],"predecessor-version":[{"id":1314,"href":"https:\/\/artrov.com\/main\/wp-json\/wp\/v2\/pages\/632\/revisions\/1314"}],"wp:attachment":[{"href":"https:\/\/artrov.com\/main\/wp-json\/wp\/v2\/media?parent=632"}],"curies":[{"name":"wp","href":"https:\/\/api.w.org\/{rel}","templated":true}]}}