{"id":983,"date":"2025-01-02T17:38:28","date_gmt":"2025-01-02T21:38:28","guid":{"rendered":"https:\/\/artrov.com\/main\/?page_id=983"},"modified":"2025-01-11T10:15:45","modified_gmt":"2025-01-11T14:15:45","slug":"preguntas-frecuentes","status":"publish","type":"page","link":"https:\/\/artrov.com\/main\/preguntas-frecuentes\/","title":{"rendered":"Preguntas Frecuentes"},"content":{"rendered":"\n<p class=\"has-medium-font-size\"><strong>\u00bfQu\u00e9 es Artrov.com?<\/strong><\/p>\n\n\n\n<p class=\"has-small-font-size\">Artrov.com es un sitio web donde el usuario suscriptor, ya sea un artista, un coleccionista, un marchante o una galer\u00eda de arte, puede crear y compartir exposiciones de arte virtual, es decir, que puede disponer de una galer\u00eda de arte en l\u00ednea. En este punto, el usuario puede ver una exposici\u00f3n en 3D de alta calidad y moverse en primera persona como si se tratase de un juego virtual. Nuestro objetivo es proporcionar una plataforma intuitiva, f\u00e1cil de usar y accesible para que los artistas puedan mostrar su trabajo y conectarse con coleccionistas y entusiastas del arte alrededor de todo el mundo, sin importar su ubicaci\u00f3n geogr\u00e1fica, en un entorno realista, lo cual facilita el contacto con posibles clientes, sin ninguna intermediaci\u00f3n comercial de Artrov.com en el proceso de la venta.<\/p>\n\n\n\n<p class=\"has-small-font-size\">Asimismo, puede publicar la exposici\u00f3n para hacerla accesible a otros al compartirla por medio de diversas plataformas a trav\u00e9s de un enlace. Entusiastas del arte y p\u00fablico en general, pueden ver la exposici\u00f3n mediante nuestro sitio web.<\/p>\n\n\n\n<p class=\"has-medium-font-size\"><strong>\u00bfCu\u00e1les beneficios me proporciona el uso de Artrov.com?<\/strong><\/p>\n\n\n\n<p>Artrov.com le proporciona:<\/p>\n\n\n\n<ol class=\"wp-block-list\">\n<li class=\"has-small-font-size\">Exposiciones en 3D accesibles a trav\u00e9s de dispositivos m\u00f3viles y web.<\/li>\n\n\n\n<li class=\"has-small-font-size\">Exposiciones de arte en realidad virtual en el que las obras pueden proyectarse en un espacio f\u00edsico real mediante el uso de la Realidad Aumentada (AR), lo cual permite una apreciaci\u00f3n de las dimensiones reales de la obra, sin que interfieran las limitaciones propias del tama\u00f1o de la pantalla del dispositivo.<\/li>\n\n\n\n<li class=\"has-small-font-size\">Exposiciones en l\u00ednea que se pueden hallar mediante motores de b\u00fasqueda. Con una galer\u00eda virtual, el tiempo de apertura se extiende a 24\/7. La galer\u00eda virtual en l\u00ednea puede llegar a compradores potenciales de todo el mundo.<\/li>\n\n\n\n<li class=\"has-small-font-size\">Configuraci\u00f3n y generaci\u00f3n de listados en formato PDF con informaci\u00f3n sobre sus obras, caracter\u00edsticas y precios.<\/li>\n\n\n\n<li class=\"has-small-font-size\">Para los artistas, Artrov.com es una galer\u00eda en l\u00ednea que puede utilizar como portafolio. Tambi\u00e9n puede crear y descargar videos de su exposici\u00f3n e incrustarlos en su propio sitio web. Los videos y las im\u00e1genes de la exposici\u00f3n virtual son formas geniales de promocionar su trabajo a trav\u00e9s de redes sociales.<\/li>\n\n\n\n<li class=\"has-small-font-size\">Brinda protecci\u00f3n de obras fr\u00e1giles o de dif\u00edcil transportaci\u00f3n. Obras de arte delicadas pueden ser digitalizadas y expuestas virtualmente, reduciendo el riesgo de da\u00f1os f\u00edsicos.<\/li>\n<\/ol>\n\n\n\n<p class=\"has-medium-font-size\"><strong>\u00bfC\u00f3mo crear una exposici\u00f3n de arte virtual en Artrov.com?<\/strong><\/p>\n\n\n\n<p class=\"has-small-font-size\">Para crear una exposici\u00f3n, simplemente debes registrarte en nuestra plataforma con tu correo electr\u00f3nico, aceptar los T\u00e9rminos y Condiciones de Uso, subir las im\u00e1genes de tus obras de arte y empezar a configurar tu(s) exposici\u00f3n(es) con nuestras herramientas de dise\u00f1o intuitivas.<\/p>\n\n\n\n<p class=\"has-medium-font-size\"><strong>\u00bfCu\u00e1les planes de suscripci\u00f3n me ofrece Artrov.com?<\/strong><\/p>\n\n\n\n<p class=\"has-small-font-size\">Te ofrecemos cuatro planes planes de suscripci\u00f3n: Free, Lite, Artist y Gallery.<\/p>\n\n\n\n<p class=\"has-small-font-size\">Cada plan ofrece diferentes caracter\u00edsticas y beneficios, como el n\u00famero de exposiciones que puedes crear y obras de arte que puedes exponer. El Plan Free dispone de una galer\u00eda pequena de 7 obras y una sola exposicion; las otras tienen la posibilidad de escoger entre varias exposiciones simult\u00e1neas, con mayor capacidad.<\/p>\n\n\n\n<p class=\"has-medium-font-size\"><strong>\u00bfCu\u00e1ntas exposiciones se pueden crear con el Plan Free y cu\u00e1les son sus beneficios?<\/strong><\/p>\n\n\n\n<p class=\"has-small-font-size\">Con el Plan Free o gratuito, puedes crear sin ning\u00fan costo 1 exposici\u00f3n con un m\u00e1ximo de 7 obras de arte, y teniendo un m\u00e1ximo de 15 obras en stock. Dirigida a solo un (1) artista particular. Permite proyectar las obras de arte mediante el uso de Realidad Aumentada (AR).<\/p>\n\n\n\n<p class=\"has-medium-font-size\"><strong>\u00bfCu\u00e1les son las caracter\u00edsticas del Plan Lite?<\/strong><\/p>\n\n\n\n<p class=\"has-small-font-size\">El Plan Lite tiene un costo de USD 15 mensual, o USD 99 si la suscripci\u00f3n es anual. Te permite crear 2 exposiciones: una de 7 obras y otra de capacidad m\u00e1xima de 23 obras, teniendo hasta 30 obras de arte en stock. Tiene promoci\u00f3n publicitaria b\u00e1sica. Permite incluir a uno o m\u00faltiples artistas. Permite proyectar las obras de arte mediante el uso de Realidad Aumentada (AR).<\/p>\n\n\n\n<p class=\"has-medium-font-size\"><strong>\u00bfCu\u00e1les son las caracter\u00edsticas del Plan Artist?<\/strong><\/p>\n\n\n\n<p class=\"has-small-font-size\">El Plan Artist tiene un costo de USD 29 mensual, o USD 199 si la suscripci\u00f3n es anual. Te permite crear 5 exposiciones: una de 7 obras y otras 4 exposiciones de capacidad m\u00e1xima de 52 obras, teniendo hasta 80 obras de arte en stock. Tiene promoci\u00f3n publicitaria moderada. Permite incluir a uno o m\u00faltiples artistas. Permite proyectar las obras de arte mediante el uso de Realidad Aumentada (AR).<\/p>\n\n\n\n<p class=\"has-medium-font-size\"><strong>\u00bfCu\u00e1les son las caracter\u00edsticas del Plan Gallery?<\/strong><\/p>\n\n\n\n<p class=\"has-small-font-size\">El Plan Gallery tiene un costo de USD 49 mensual, o USD 349 si la suscripci\u00f3n es anual. Te permite crear 10 exposiciones: una de 7 obras y otras 9 exposiciones de capacidad m\u00e1xima de 52 obras, teniendo hasta 150 obras de arte en stock. Tiene promoci\u00f3n publicitaria VIP. Permite incluir a uno o m\u00faltiples artistas. Permite proyectar las obras de arte mediante el uso de Realidad Aumentada (AR).<\/p>\n\n\n\n<p class=\"has-small-font-size\"><strong>Como artista particular, <strong>\u00bf<\/strong>puedo acceder al Plan Free y a la vez una tener otras exposiciones simult\u00e1neas suscribi\u00e9ndome a los Planes Lite, Artist o Gallery?<\/strong><\/p>\n\n\n\n<p class=\"has-small-font-size\">S\u00ed, si se pueden manejar exposiciones de manera simult\u00e1nea, pero puedes acceder al Plan Free o gratuito \u00fanicamente si eres un artista particular.<\/p>\n\n\n\n<p class=\"has-medium-font-size\"><strong>\u00bfC\u00f3mo puedo cambiar de plan o cancelar mi suscripci\u00f3n?<\/strong><\/p>\n\n\n\n<p class=\"has-small-font-size\">Puedes cambiar de plan o cancelar tu suscripci\u00f3n en cualquier momento desde tu panel de control de tu cuenta o directamente a trav\u00e9s de Paypal. Esto suspender\u00e1 el pr\u00f3ximo cobro recurrente en la plataforma de Paypal, pero se mantendr\u00e1 activo su plan suscrito actualmente, hasta el t\u00e9rmino de ese per\u00edodo. \u00danicamente si desea hacer un upgrade de Plan, es decir cambiar a un plan superior, haga el cambio directamente y escriba un correo electr\u00f3nico a support@artorv.com indicando su n\u00famero de usuario suscriptor y explicando su situaci\u00f3n, para resolver su caso particular.<\/p>\n\n\n\n<p class=\"has-medium-font-size\"><strong>\u00bfSe puede comprar arte a trav\u00e9s de Artrov.com?<\/strong><\/p>\n\n\n\n<p class=\"has-small-font-size\">No, no hay opci\u00f3n para comprar arte dentro de Artrov.com. El artista puede indicar el precio de la obra de arte. Los compradores potenciales pueden interactuar directamente con la persona que organiza la exposici\u00f3n sin intermediaci\u00f3n alguna de agentes. La transacci\u00f3n monetaria se realiza fuera la plataforma de Artrov.com.<\/p>\n\n\n\n<p class=\"has-medium-font-size\"><strong>\u00bfSe puede controlar qui\u00e9n puede ver mis exposiciones en Artrov.com?<\/strong><\/p>\n\n\n\n<p class=\"has-small-font-size\">No, no se puede controlar qui\u00e9n puede ver tus exposiciones, puesto que al cargar las im\u00e1genes de las obras de arte en nuestra plataforma y activar la(s) exposici\u00f3n(es), estas son de car\u00e1cter p\u00fablico. Puedes encontrar informaci\u00f3n ampliamente detallada al respecto, ingresando en los T\u00e9rminos y Condiciones de uso de Artrov.com.<\/p>\n\n\n\n<p class=\"has-medium-font-size\"><strong>\u00bfSe puede compartir mis exposiciones de arte con otras personas?<\/strong><\/p>\n\n\n\n<p class=\"has-small-font-size\">S\u00ed. Puedes compartir tus exposiciones a trav\u00e9s de enlaces, redes sociales o correo electr\u00f3nico.<\/p>\n\n\n\n<p class=\"has-medium-font-size\"><strong>\u00bfC\u00f3mo puedo descubrir exposiciones de otros artistas?<\/strong><\/p>\n\n\n\n<p class=\"has-small-font-size\">En el apartado de exposiciones de arte de Artrov.com puedes explorar nuestras galer\u00edas y buscar exposiciones por categor\u00edas o artistas.<\/p>\n\n\n\n<p class=\"has-medium-font-size\"><\/p>\n\n\n\n<p><\/p>\n","protected":false},"excerpt":{"rendered":"<p>\u00bfQu\u00e9 es Artrov.com? Artrov.com es un sitio web donde el usuario suscriptor, ya sea un artista, un coleccionista, un marchante o una galer\u00eda de arte, puede crear y compartir exposiciones de arte virtual, es decir, que puede disponer de una galer\u00eda de arte en l\u00ednea. En este punto, el usuario puede ver una exposici\u00f3n en [&hellip;]<\/p>\n","protected":false},"author":1,"featured_media":0,"parent":0,"menu_order":0,"comment_status":"closed","ping_status":"closed","template":"","meta":{"footnotes":""},"class_list":["post-983","page","type-page","status-publish","hentry"],"_links":{"self":[{"href":"https:\/\/artrov.com\/main\/wp-json\/wp\/v2\/pages\/983","targetHints":{"allow":["GET"]}}],"collection":[{"href":"https:\/\/artrov.com\/main\/wp-json\/wp\/v2\/pages"}],"about":[{"href":"https:\/\/artrov.com\/main\/wp-json\/wp\/v2\/types\/page"}],"author":[{"embeddable":true,"href":"https:\/\/artrov.com\/main\/wp-json\/wp\/v2\/users\/1"}],"replies":[{"embeddable":true,"href":"https:\/\/artrov.com\/main\/wp-json\/wp\/v2\/comments?post=983"}],"version-history":[{"count":9,"href":"https:\/\/artrov.com\/main\/wp-json\/wp\/v2\/pages\/983\/revisions"}],"predecessor-version":[{"id":1105,"href":"https:\/\/artrov.com\/main\/wp-json\/wp\/v2\/pages\/983\/revisions\/1105"}],"wp:attachment":[{"href":"https:\/\/artrov.com\/main\/wp-json\/wp\/v2\/media?parent=983"}],"curies":[{"name":"wp","href":"https:\/\/api.w.org\/{rel}","templated":true}]}}